{"id":1000,"date":"2023-01-11T10:23:28","date_gmt":"2023-01-11T09:23:28","guid":{"rendered":"http:\/\/cegtt.fr\/?page_id=1000"},"modified":"2025-11-19T17:38:22","modified_gmt":"2025-11-19T16:38:22","slug":"tournoi-2018","status":"publish","type":"page","link":"https:\/\/cegtt.fr\/?page_id=1000","title":{"rendered":"Tournois"},"content":{"rendered":"<ul>\n<li><span style=\"font-size: 14pt;\">Tournoi 2026<\/span><\/li>\n<li><span style=\"font-size: 14pt;\"><a href=\"https:\/\/cegtt.fr\/?p=6909\">R\u00e9sultats Tournoi 2024<\/a><br \/>\n<\/span><\/li>\n<li><a href=\"https:\/\/cegtt.fr\/?p=6361\"><span style=\"font-size: 14pt;\">R\u00e9sultats Tournoi 2023<\/span><\/a><\/li>\n<li><a href=\"https:\/\/cegtt.fr\/?p=7691\"><span style=\"font-size: 14pt;\">R\u00e9sultats Tournoi 2019<\/span><\/a><\/li>\n<li><a href=\"https:\/\/cegtt.fr\/?p=7688\"><span style=\"font-size: 14pt;\"><span style=\"font-size: 14pt;\">R\u00e9sultats Tournoi 2018<\/span><\/span><\/a><\/li>\n<li><a href=\"https:\/\/cegtt.fr\/?p=7683\"><span style=\"font-size: 14pt;\">R\u00e9sultats Tournoi 2017<\/span><\/a><\/li>\n<\/ul>\n","protected":false},"excerpt":{"rendered":"<p>Tournoi 2026 R\u00e9sultats Tournoi 2024 R\u00e9sultats Tournoi 2023 R\u00e9sultats Tournoi 2019 R\u00e9sultats Tournoi 2018 R\u00e9sultats Tournoi 2017<\/p>\n","protected":false},"author":5,"featured_media":0,"parent":0,"menu_order":0,"comment_status":"closed","ping_status":"closed","template":"","meta":{"_mc_calendar":[],"footnotes":""},"class_list":["post-1000","page","type-page","status-publish","hentry"],"_links":{"self":[{"href":"https:\/\/cegtt.fr\/index.php?rest_route=\/wp\/v2\/pages\/1000","targetHints":{"allow":["GET"]}}],"collection":[{"href":"https:\/\/cegtt.fr\/index.php?rest_route=\/wp\/v2\/pages"}],"about":[{"href":"https:\/\/cegtt.fr\/index.php?rest_route=\/wp\/v2\/types\/page"}],"author":[{"embeddable":true,"href":"https:\/\/cegtt.fr\/index.php?rest_route=\/wp\/v2\/users\/5"}],"replies":[{"embeddable":true,"href":"https:\/\/cegtt.fr\/index.php?rest_route=%2Fwp%2Fv2%2Fcomments&post=1000"}],"version-history":[{"count":58,"href":"https:\/\/cegtt.fr\/index.php?rest_route=\/wp\/v2\/pages\/1000\/revisions"}],"predecessor-version":[{"id":8565,"href":"https:\/\/cegtt.fr\/index.php?rest_route=\/wp\/v2\/pages\/1000\/revisions\/8565"}],"wp:attachment":[{"href":"https:\/\/cegtt.fr\/index.php?rest_route=%2Fwp%2Fv2%2Fmedia&parent=1000"}],"curies":[{"name":"wp","href":"https:\/\/api.w.org\/{rel}","templated":true}]}}