{"id":183,"date":"2019-10-27T16:49:39","date_gmt":"2019-10-27T15:49:39","guid":{"rendered":"http:\/\/flinoisb.free.fr\/TT-Croth-Garennes\/?page_id=183"},"modified":"2025-08-28T11:21:22","modified_gmt":"2025-08-28T09:21:22","slug":"telechargement","status":"publish","type":"page","link":"https:\/\/cegtt.fr\/?page_id=183","title":{"rendered":"T\u00e9l\u00e9chargement"},"content":{"rendered":"<p style=\"text-align: center;\"><span style=\"font-size: 14pt;\">En t\u00e9l\u00e9chargement :<\/span><\/p>\n<ul>\n<li><span style=\"font-size: 14pt;\">Au format PDF, demande de mutation : <span style=\"color: #ff0000;\"><a style=\"color: #ff0000;\" href=\"https:\/\/cegtt.fr\/wp-content\/uploads\/2025\/01\/demande-de-mutation-2023-2024-4321.pdf\" target=\"_blank\" rel=\"noopener\">Demande-de-mutation-2024-2025<\/a><\/span><\/span><\/li>\n<li><span style=\"font-size: 14pt;\">Au format PDF, le r\u00e8glement sportif de la FFTT: <a href=\"https:\/\/cegtt.fr\/wp-content\/uploads\/2025\/01\/2024-12-04-reglements_sportifs_A5-pour-MEL-V4-avec-COUVERTURE-1.pdf\" target=\"_blank\" rel=\"noopener\">R\u00e8glements_sportifs<\/a><\/span><\/li>\n<li><span style=\"font-size: 14pt;\">Au format PDF, le contrat d&rsquo;assurance FFTT: <a href=\"https:\/\/cegtt.fr\/wp-content\/uploads\/2025\/01\/A2-Resume-des-garanties-07-2023.pdf\">Re\u0301sume\u0301-des-garanties 2025<\/a><\/span><\/li>\n<li><span style=\"font-size: 14pt;\">Au format PDF, la d\u00e9claration de sinistre: <span style=\"color: #ff0000;\"><a href=\"https:\/\/cegtt.fr\/wp-content\/uploads\/2025\/01\/A1-Avis-de-declaration-de-sinistre-07-2023.pdf\">De\u0301claration-de-sinistre-2025<\/a><\/span><\/span><\/li>\n<li><span style=\"font-size: 14pt;\">Au format Excel tableau des bois et\u00a0 rev\u00eatements <span style=\"color: #ff0000;\">Butterfly :<\/span><a href=\"https:\/\/cegtt.fr\/wp-content\/uploads\/2020\/02\/Revetement-bois-butterfly.xlsx\" target=\"_blank\" rel=\"noopener noreferrer\"><span style=\"color: #ff0000;\">Butterfly<\/span><\/a><\/span><\/li>\n<li><span style=\"font-size: 14pt;\">Au format Excel liste des rev\u00eatements autoris\u00e9s : <span style=\"color: #ff0000;\"><a style=\"color: #ff0000;\" href=\"https:\/\/cegtt.fr\/wp-content\/uploads\/2025\/08\/revetements-2025.xlsx\" target=\"_blank\" rel=\"noopener noreferrer\">Rev\u00eatements Autoris\u00e9s 2025<\/a><\/span><\/span><\/li>\n<li>Au format PDF\u00a0 Gestion des entra\u00eenements :\u00a0<a href=\"https:\/\/cegtt.fr\/wp-content\/uploads\/2025\/08\/Gestion-salles-entrainement.pdf\"><span style=\"font-size: 14pt;\"><strong>Entra\u00eenements<\/strong><\/span><\/a><\/li>\n<\/ul>\n","protected":false},"excerpt":{"rendered":"<p>En t\u00e9l\u00e9chargement : Au format PDF, demande de mutation : Demande-de-mutation-2024-2025 Au format PDF, le r\u00e8glement sportif de la FFTT: R\u00e8glements_sportifs Au format PDF, le contrat d&rsquo;assurance FFTT: Re\u0301sume\u0301-des-garanties 2025 Au format PDF, la d\u00e9claration de sinistre: De\u0301claration-de-sinistre-2025 Au format Excel tableau des bois et\u00a0 rev\u00eatements Butterfly :Butterfly Au format Excel liste des rev\u00eatements autoris\u00e9s [&hellip;]<\/p>\n","protected":false},"author":1,"featured_media":0,"parent":0,"menu_order":0,"comment_status":"closed","ping_status":"closed","template":"","meta":{"_mc_calendar":[],"footnotes":""},"class_list":["post-183","page","type-page","status-publish","hentry"],"_links":{"self":[{"href":"https:\/\/cegtt.fr\/index.php?rest_route=\/wp\/v2\/pages\/183","targetHints":{"allow":["GET"]}}],"collection":[{"href":"https:\/\/cegtt.fr\/index.php?rest_route=\/wp\/v2\/pages"}],"about":[{"href":"https:\/\/cegtt.fr\/index.php?rest_route=\/wp\/v2\/types\/page"}],"author":[{"embeddable":true,"href":"https:\/\/cegtt.fr\/index.php?rest_route=\/wp\/v2\/users\/1"}],"replies":[{"embeddable":true,"href":"https:\/\/cegtt.fr\/index.php?rest_route=%2Fwp%2Fv2%2Fcomments&post=183"}],"version-history":[{"count":116,"href":"https:\/\/cegtt.fr\/index.php?rest_route=\/wp\/v2\/pages\/183\/revisions"}],"predecessor-version":[{"id":8186,"href":"https:\/\/cegtt.fr\/index.php?rest_route=\/wp\/v2\/pages\/183\/revisions\/8186"}],"wp:attachment":[{"href":"https:\/\/cegtt.fr\/index.php?rest_route=%2Fwp%2Fv2%2Fmedia&parent=183"}],"curies":[{"name":"wp","href":"https:\/\/api.w.org\/{rel}","templated":true}]}}